{"id":720,"date":"2025-04-26T18:31:50","date_gmt":"2025-04-26T16:31:50","guid":{"rendered":"http:\/\/www.stefanie-bernadowitz.de\/?page_id=720"},"modified":"2026-02-21T08:23:09","modified_gmt":"2026-02-21T07:23:09","slug":"die-orte-des-geschehens","status":"publish","type":"page","link":"https:\/\/www.stefanie-bernadowitz.de\/?page_id=720","title":{"rendered":"Die Orte des Geschehens"},"content":{"rendered":"\n<p><\/p>\n\n\n\n<figure class=\"wp-block-image aligncenter size-large\"><a href=\"http:\/\/www.stefanie-bernadowitz.de\/wp-content\/uploads\/2025\/08\/Peronya-Karte-1-scaled.png\"><img loading=\"lazy\" decoding=\"async\" width=\"1024\" height=\"768\" src=\"http:\/\/www.stefanie-bernadowitz.de\/wp-content\/uploads\/2025\/08\/Peronya-Karte-1-1024x768.png\" alt=\"\" class=\"wp-image-811\" srcset=\"https:\/\/www.stefanie-bernadowitz.de\/wp-content\/uploads\/2025\/08\/Peronya-Karte-1-1024x768.png 1024w, https:\/\/www.stefanie-bernadowitz.de\/wp-content\/uploads\/2025\/08\/Peronya-Karte-1-300x225.png 300w, https:\/\/www.stefanie-bernadowitz.de\/wp-content\/uploads\/2025\/08\/Peronya-Karte-1-768x576.png 768w, https:\/\/www.stefanie-bernadowitz.de\/wp-content\/uploads\/2025\/08\/Peronya-Karte-1-1536x1152.png 1536w, https:\/\/www.stefanie-bernadowitz.de\/wp-content\/uploads\/2025\/08\/Peronya-Karte-1-2048x1536.png 2048w\" sizes=\"auto, (max-width: 1024px) 100vw, 1024px\" \/><\/a><figcaption class=\"wp-element-caption\">     <\/figcaption><\/figure>\n\n\n\n<hr class=\"wp-block-separator has-alpha-channel-opacity\"\/>\n\n\n\n<p><\/p>\n\n\n\n<h4 class=\"wp-block-heading has-text-align-center\">Die wichtigsten St\u00e4dte, Orte und D\u00f6rfer aus den Peronya Chroniken<\/h4>\n\n\n\n<p><\/p>\n\n\n\n<div class=\"wp-block-buttons is-layout-flex wp-block-buttons-is-layout-flex\">\n<div class=\"wp-block-button\"><a class=\"wp-block-button__link wp-element-button\" href=\"#regart\">Regart<\/a><\/div>\n\n\n\n<div class=\"wp-block-button\"><a class=\"wp-block-button__link wp-element-button\" href=\"#salgart\">Salgart<\/a><\/div>\n\n\n\n<div class=\"wp-block-button\"><a class=\"wp-block-button__link wp-element-button\" href=\"#norgart\">Ostgart<\/a><\/div>\n\n\n\n<div class=\"wp-block-button\"><a class=\"wp-block-button__link wp-element-button\" href=\"#norgart\">Norgart<\/a><\/div>\n\n\n\n<div class=\"wp-block-button\"><a class=\"wp-block-button__link wp-element-button\" href=\"#grandgart\">Grandgart<\/a><\/div>\n\n\n\n<div class=\"wp-block-button\"><a class=\"wp-block-button__link wp-element-button\" href=\"#tempel_der_magier\">Der Tempel der Magier<\/a><\/div>\n\n\n\n<div class=\"wp-block-button\"><a class=\"wp-block-button__link wp-element-button\" href=\"#die_goldene_stadt\">Die Goldene Stadt<\/a><\/div>\n<\/div>\n\n\n\n<div class=\"wp-block-buttons is-layout-flex wp-block-buttons-is-layout-flex\">\n<div class=\"wp-block-button\"><a class=\"wp-block-button__link wp-element-button\" href=\"#heralsfurt\">Heralsfurt<\/a><\/div>\n\n\n\n<div class=\"wp-block-button\"><a class=\"wp-block-button__link wp-element-button\" href=\"#aresham\">Aresham<\/a><\/div>\n\n\n\n<div class=\"wp-block-button\"><a class=\"wp-block-button__link wp-element-button\" href=\"#peranta\">Peranta<\/a><\/div>\n\n\n\n<div class=\"wp-block-button\"><a class=\"wp-block-button__link wp-element-button\" href=\"#fording\">Fording<\/a><\/div>\n<\/div>\n\n\n\n<p><\/p>\n\n\n\n<hr class=\"wp-block-separator has-alpha-channel-opacity\"\/>\n\n\n\n<div class=\"wp-block-media-text is-stacked-on-mobile\" style=\"grid-template-columns:35% auto\" id=\"regart\"><figure class=\"wp-block-media-text__media\"><img loading=\"lazy\" decoding=\"async\" width=\"683\" height=\"1024\" src=\"https:\/\/www.stefanie-bernadowitz.de\/wp-content\/uploads\/2026\/02\/Regart-Hochforamt-683x1024.png\" alt=\"\" class=\"wp-image-827 size-full\" srcset=\"https:\/\/www.stefanie-bernadowitz.de\/wp-content\/uploads\/2026\/02\/Regart-Hochforamt-683x1024.png 683w, https:\/\/www.stefanie-bernadowitz.de\/wp-content\/uploads\/2026\/02\/Regart-Hochforamt-200x300.png 200w, https:\/\/www.stefanie-bernadowitz.de\/wp-content\/uploads\/2026\/02\/Regart-Hochforamt-768x1152.png 768w, https:\/\/www.stefanie-bernadowitz.de\/wp-content\/uploads\/2026\/02\/Regart-Hochforamt.png 1024w\" sizes=\"auto, (max-width: 683px) 100vw, 683px\" \/><\/figure><div class=\"wp-block-media-text__content\">\n<h3 class=\"wp-block-heading\" id=\"regart\">Regart \/ Die K\u00f6nigsburg<\/h3>\n\n\n\n<ul class=\"wp-block-list\">\n<li>Residenz der Herrscher von Peronya<\/li>\n\n\n\n<li>Hauptstadt und politisches Zentrum des K\u00f6nigsreichs<\/li>\n\n\n\n<li>auf einem H\u00fcgel inmitten der gro\u00dfen Grassteppe gelegen<\/li>\n\n\n\n<li>eine der gr\u00f6\u00dften St\u00e4dte Peronyas<\/li>\n\n\n\n<li>d\u00fcsterer Ort unter Karol Jarvas<\/li>\n<\/ul>\n<\/div><\/div>\n\n\n\n<hr class=\"wp-block-separator has-alpha-channel-opacity\"\/>\n\n\n\n<div class=\"wp-block-media-text is-stacked-on-mobile\" style=\"grid-template-columns:35% auto\" id=\"salgart\"><figure class=\"wp-block-media-text__media\"><img loading=\"lazy\" decoding=\"async\" width=\"1024\" height=\"585\" src=\"http:\/\/www.stefanie-bernadowitz.de\/wp-content\/uploads\/2025\/04\/Salgart-1024x585.webp\" alt=\"\" class=\"wp-image-725 size-full\" srcset=\"https:\/\/www.stefanie-bernadowitz.de\/wp-content\/uploads\/2025\/04\/Salgart-1024x585.webp 1024w, https:\/\/www.stefanie-bernadowitz.de\/wp-content\/uploads\/2025\/04\/Salgart-300x171.webp 300w, https:\/\/www.stefanie-bernadowitz.de\/wp-content\/uploads\/2025\/04\/Salgart-768x439.webp 768w, https:\/\/www.stefanie-bernadowitz.de\/wp-content\/uploads\/2025\/04\/Salgart-1536x878.webp 1536w, https:\/\/www.stefanie-bernadowitz.de\/wp-content\/uploads\/2025\/04\/Salgart.webp 1792w\" sizes=\"auto, (max-width: 1024px) 100vw, 1024px\" \/><\/figure><div class=\"wp-block-media-text__content\">\n<h3 class=\"wp-block-heading\" id=\"salgart\">Salgart<\/h3>\n\n\n\n<ul class=\"wp-block-list\">\n<li>Verwaltungsgebiet der Avons <\/li>\n\n\n\n<li>unter der Herrschaft von Karol Jarvas von der Ritterfamilie Herth verwaltet<\/li>\n\n\n\n<li>eine der vier Hauptburgen und bedeutendsten St\u00e4dte Peronyas<\/li>\n\n\n\n<li>am Meer gelegen<\/li>\n\n\n\n<li>bekannt f\u00fcr die Fischerei und die besten Schmieden der Welt<\/li>\n\n\n\n<li>wohlhabende Handelsstadt<\/li>\n<\/ul>\n<\/div><\/div>\n\n\n\n<hr class=\"wp-block-separator has-alpha-channel-opacity\"\/>\n\n\n\n<div class=\"wp-block-media-text is-stacked-on-mobile\" style=\"grid-template-columns:35% auto\" id=\"ostgart\"><figure class=\"wp-block-media-text__media\"><img loading=\"lazy\" decoding=\"async\" width=\"1024\" height=\"683\" src=\"http:\/\/www.stefanie-bernadowitz.de\/wp-content\/uploads\/2025\/07\/Ostgart-2-1024x683.png\" alt=\"\" class=\"wp-image-776 size-full\" srcset=\"https:\/\/www.stefanie-bernadowitz.de\/wp-content\/uploads\/2025\/07\/Ostgart-2-1024x683.png 1024w, https:\/\/www.stefanie-bernadowitz.de\/wp-content\/uploads\/2025\/07\/Ostgart-2-300x200.png 300w, https:\/\/www.stefanie-bernadowitz.de\/wp-content\/uploads\/2025\/07\/Ostgart-2-768x512.png 768w, https:\/\/www.stefanie-bernadowitz.de\/wp-content\/uploads\/2025\/07\/Ostgart-2.png 1536w\" sizes=\"auto, (max-width: 1024px) 100vw, 1024px\" \/><\/figure><div class=\"wp-block-media-text__content\">\n<h3 class=\"wp-block-heading\" id=\"ostgart\">Ostgart<\/h3>\n\n\n\n<ul class=\"wp-block-list\">\n<li>Verwaltungsgebiet der Tavonis (sp\u00e4ter von Aluna Aquise)<\/li>\n\n\n\n<li>inmitten des Silberwaldes gelegen<\/li>\n\n\n\n<li>eine der vier Hauptburgen<\/li>\n\n\n\n<li>bekannt f\u00fcr den Handel mit Fleisch, Fellen und vor allem Holz<\/li>\n\n\n\n<li>die Menschen leben eher bescheiden und einfach<\/li>\n\n\n\n<li>die Ritterfamilie Tavoni stand loyal zu Karol Jarvas <\/li>\n<\/ul>\n<\/div><\/div>\n\n\n\n<hr class=\"wp-block-separator has-alpha-channel-opacity\"\/>\n\n\n\n<div class=\"wp-block-media-text is-stacked-on-mobile\" style=\"grid-template-columns:35% auto\" id=\"norgart\"><figure class=\"wp-block-media-text__media\"><img loading=\"lazy\" decoding=\"async\" width=\"1024\" height=\"1024\" src=\"http:\/\/www.stefanie-bernadowitz.de\/wp-content\/uploads\/2025\/04\/Norgart.webp\" alt=\"\" class=\"wp-image-728 size-full\" srcset=\"https:\/\/www.stefanie-bernadowitz.de\/wp-content\/uploads\/2025\/04\/Norgart.webp 1024w, https:\/\/www.stefanie-bernadowitz.de\/wp-content\/uploads\/2025\/04\/Norgart-300x300.webp 300w, https:\/\/www.stefanie-bernadowitz.de\/wp-content\/uploads\/2025\/04\/Norgart-150x150.webp 150w, https:\/\/www.stefanie-bernadowitz.de\/wp-content\/uploads\/2025\/04\/Norgart-768x768.webp 768w\" sizes=\"auto, (max-width: 1024px) 100vw, 1024px\" \/><\/figure><div class=\"wp-block-media-text__content\">\n<h3 class=\"wp-block-heading Norgart\" id=\"norgart\">Norgart<\/h3>\n\n\n\n<ul class=\"wp-block-list\">\n<li>Verwaltungsgebiet der Isholds (sp\u00e4ter von Fenia Korbin und Rowan Ishold)<\/li>\n\n\n\n<li>in den Bergen des Nordens gelegen<\/li>\n\n\n\n<li>eine der vier Hauptburgen<\/li>\n\n\n\n<li>bekannt f\u00fcr den Handel mit Gesteinen und Erzen aller Art<\/li>\n\n\n\n<li>raue Landschaft, zumeist bew\u00f6lkt<\/li>\n\n\n\n<li>es gibt einige Seen und B\u00e4che<\/li>\n\n\n\n<li>die Ritterfamilie Ishold stand loyal zu Karol Jarvas <\/li>\n<\/ul>\n<\/div><\/div>\n\n\n\n<hr class=\"wp-block-separator has-alpha-channel-opacity\"\/>\n\n\n\n<div class=\"wp-block-media-text is-stacked-on-mobile\" style=\"grid-template-columns:35% auto\" id=\"grandgart\"><figure class=\"wp-block-media-text__media\"><img loading=\"lazy\" decoding=\"async\" width=\"1024\" height=\"1024\" src=\"http:\/\/www.stefanie-bernadowitz.de\/wp-content\/uploads\/2025\/08\/Grandgart-3.webp\" alt=\"\" class=\"wp-image-812 size-full\" srcset=\"https:\/\/www.stefanie-bernadowitz.de\/wp-content\/uploads\/2025\/08\/Grandgart-3.webp 1024w, https:\/\/www.stefanie-bernadowitz.de\/wp-content\/uploads\/2025\/08\/Grandgart-3-300x300.webp 300w, https:\/\/www.stefanie-bernadowitz.de\/wp-content\/uploads\/2025\/08\/Grandgart-3-150x150.webp 150w, https:\/\/www.stefanie-bernadowitz.de\/wp-content\/uploads\/2025\/08\/Grandgart-3-768x768.webp 768w\" sizes=\"auto, (max-width: 1024px) 100vw, 1024px\" \/><\/figure><div class=\"wp-block-media-text__content\">\n<h3 class=\"wp-block-heading\" id=\"grandgart\">Grandgart<\/h3>\n\n\n\n<ul class=\"wp-block-list\">\n<li>Verwaltungsgebiet der Tarbolds<\/li>\n\n\n\n<li>liegt im Zentrum von Peronya, zwischen dem Silberwald und der Hauptstadt Regart<\/li>\n\n\n\n<li>eine der gr\u00f6\u00dften St\u00e4dte mit den meisten Einwohnern<\/li>\n\n\n\n<li>der Markt von Grandgart ist ber\u00fchmt in der Welt<\/li>\n\n\n\n<li>ein wohlhabender Ort mit einer pr\u00e4chtigen Burg<\/li>\n\n\n\n<li>die Tarbolds dienten Karol Jarvas, das Oberhaupt der Familie wurde sogar zum obersten General erhoben<\/li>\n<\/ul>\n<\/div><\/div>\n\n\n\n<hr class=\"wp-block-separator has-alpha-channel-opacity\"\/>\n\n\n\n<div class=\"wp-block-media-text is-stacked-on-mobile\" style=\"grid-template-columns:35% auto\" id=\"tempel_der_magier\"><figure class=\"wp-block-media-text__media\"><img loading=\"lazy\" decoding=\"async\" width=\"683\" height=\"1024\" src=\"https:\/\/www.stefanie-bernadowitz.de\/wp-content\/uploads\/2026\/02\/Tempel-der-Magier-1-683x1024.png\" alt=\"\" class=\"wp-image-829 size-full\" srcset=\"https:\/\/www.stefanie-bernadowitz.de\/wp-content\/uploads\/2026\/02\/Tempel-der-Magier-1-683x1024.png 683w, https:\/\/www.stefanie-bernadowitz.de\/wp-content\/uploads\/2026\/02\/Tempel-der-Magier-1-200x300.png 200w, https:\/\/www.stefanie-bernadowitz.de\/wp-content\/uploads\/2026\/02\/Tempel-der-Magier-1-768x1152.png 768w, https:\/\/www.stefanie-bernadowitz.de\/wp-content\/uploads\/2026\/02\/Tempel-der-Magier-1.png 1024w\" sizes=\"auto, (max-width: 683px) 100vw, 683px\" \/><\/figure><div class=\"wp-block-media-text__content\">\n<h3 class=\"wp-block-heading\" id=\"tempel_der_magier\">Der Tempel der Magier<\/h3>\n\n\n\n<ul class=\"wp-block-list\">\n<li>heiliges Zentrum des Glaubens<\/li>\n\n\n\n<li>wird seit Anbeginn der Zeit vom Gro\u00dfmagier (Siegeltr\u00e4ger) verwaltet, der in der Welt als die h\u00f6chste moralische Instanz gilt<\/li>\n\n\n\n<li>bietet ein Zuhause f\u00fcr Hilfesuchende und Menschen mit magischen Kr\u00e4ften<\/li>\n\n\n\n<li>Ausbildungsst\u00e4tte f\u00fcr Gesegnete<\/li>\n\n\n\n<li>die zum Tempel geh\u00f6renden Geb\u00e4ude sind allesamt wei\u00df und strahlen<\/li>\n\n\n\n<li>Die Avons haben seit jeher eine besondere Bindung zum Tempel, weil jede Generation einen Magier hervorbrachte<\/li>\n\n\n\n<li>einer der T\u00fcrme wurde von den Avons gestiftet<\/li>\n<\/ul>\n<\/div><\/div>\n\n\n\n<hr class=\"wp-block-separator has-alpha-channel-opacity\"\/>\n\n\n\n<div class=\"wp-block-media-text is-stacked-on-mobile\" style=\"grid-template-columns:35% auto\" id=\"die_goldene_stadt\"><figure class=\"wp-block-media-text__media\"><img loading=\"lazy\" decoding=\"async\" width=\"683\" height=\"1024\" src=\"https:\/\/www.stefanie-bernadowitz.de\/wp-content\/uploads\/2026\/02\/Die-Goldene-Stadt-3-1-1-683x1024.png\" alt=\"\" class=\"wp-image-830 size-full\" srcset=\"https:\/\/www.stefanie-bernadowitz.de\/wp-content\/uploads\/2026\/02\/Die-Goldene-Stadt-3-1-1-683x1024.png 683w, https:\/\/www.stefanie-bernadowitz.de\/wp-content\/uploads\/2026\/02\/Die-Goldene-Stadt-3-1-1-200x300.png 200w, https:\/\/www.stefanie-bernadowitz.de\/wp-content\/uploads\/2026\/02\/Die-Goldene-Stadt-3-1-1-768x1152.png 768w, https:\/\/www.stefanie-bernadowitz.de\/wp-content\/uploads\/2026\/02\/Die-Goldene-Stadt-3-1-1.png 1024w\" sizes=\"auto, (max-width: 683px) 100vw, 683px\" \/><\/figure><div class=\"wp-block-media-text__content\">\n<h3 class=\"wp-block-heading\" id=\"die_goldene_stadt\">Die Goldene Stadt<\/h3>\n\n\n\n<ul class=\"wp-block-list\">\n<li>Hauptstadt von Oltah<\/li>\n\n\n\n<li>Zentrum der Macht in der W\u00fcste und Heimat der Sultane<\/li>\n\n\n\n<li>die reichste und prachtvollste Stadt der Welt<\/li>\n\n\n\n<li>Symbol des Reichtums der W\u00fcste<\/li>\n\n\n\n<li>von drei Mauern gesch\u00fctzt<\/li>\n<\/ul>\n<\/div><\/div>\n\n\n\n<hr class=\"wp-block-separator has-alpha-channel-opacity\"\/>\n\n\n\n<div class=\"wp-block-media-text is-stacked-on-mobile\" style=\"grid-template-columns:35% auto\" id=\"die_goldene_stadt\"><figure class=\"wp-block-media-text__media\"><img loading=\"lazy\" decoding=\"async\" width=\"1024\" height=\"683\" src=\"http:\/\/www.stefanie-bernadowitz.de\/wp-content\/uploads\/2025\/08\/Heralsfurt-3-1024x683.png\" alt=\"\" class=\"wp-image-794 size-full\" srcset=\"https:\/\/www.stefanie-bernadowitz.de\/wp-content\/uploads\/2025\/08\/Heralsfurt-3-1024x683.png 1024w, https:\/\/www.stefanie-bernadowitz.de\/wp-content\/uploads\/2025\/08\/Heralsfurt-3-300x200.png 300w, https:\/\/www.stefanie-bernadowitz.de\/wp-content\/uploads\/2025\/08\/Heralsfurt-3-768x512.png 768w, https:\/\/www.stefanie-bernadowitz.de\/wp-content\/uploads\/2025\/08\/Heralsfurt-3.png 1536w\" sizes=\"auto, (max-width: 1024px) 100vw, 1024px\" \/><\/figure><div class=\"wp-block-media-text__content\">\n<h3 class=\"wp-block-heading\" id=\"heralsfurt\"><a href=\"#heralsfurt\" data-type=\"internal\" data-id=\"#heralsfurt\">Heralsfurt<\/a><\/h3>\n\n\n\n<ul class=\"wp-block-list\">\n<li>kleiner Ort im Westen von Peronya<\/li>\n\n\n\n<li>von Sir Rangus Ravin verwaltet<\/li>\n\n\n\n<li>Rangus Ravin herrscht mit eiserner Hand \u00fcber seine Bauern<\/li>\n\n\n\n<li>unter der Herrschaft von K\u00f6nig Karol sehr abgeschottet<\/li>\n<\/ul>\n<\/div><\/div>\n\n\n\n<hr class=\"wp-block-separator has-alpha-channel-opacity\"\/>\n\n\n\n<div class=\"wp-block-media-text is-stacked-on-mobile\" style=\"grid-template-columns:35% auto\" id=\"die_goldene_stadt\"><figure class=\"wp-block-media-text__media\"><img loading=\"lazy\" decoding=\"async\" width=\"1024\" height=\"585\" src=\"http:\/\/www.stefanie-bernadowitz.de\/wp-content\/uploads\/2025\/08\/Aresham-1024x585.webp\" alt=\"\" class=\"wp-image-792 size-full\" srcset=\"https:\/\/www.stefanie-bernadowitz.de\/wp-content\/uploads\/2025\/08\/Aresham-1024x585.webp 1024w, https:\/\/www.stefanie-bernadowitz.de\/wp-content\/uploads\/2025\/08\/Aresham-300x171.webp 300w, https:\/\/www.stefanie-bernadowitz.de\/wp-content\/uploads\/2025\/08\/Aresham-768x439.webp 768w, https:\/\/www.stefanie-bernadowitz.de\/wp-content\/uploads\/2025\/08\/Aresham-1536x878.webp 1536w, https:\/\/www.stefanie-bernadowitz.de\/wp-content\/uploads\/2025\/08\/Aresham.webp 1792w\" sizes=\"auto, (max-width: 1024px) 100vw, 1024px\" \/><\/figure><div class=\"wp-block-media-text__content\">\n<h3 class=\"wp-block-heading\" id=\"aresham\">Aresham<\/h3>\n\n\n\n<ul class=\"wp-block-list\">\n<li>auch bekannt als &#8222;Die Blaue Stadt&#8220;<\/li>\n\n\n\n<li>wohlhabende Hafenstadt in Oltah<\/li>\n\n\n\n<li>von Lady Jamin Dul&#8217;Aminis verwaltet<\/li>\n\n\n\n<li>eine der bedeutendsten St\u00e4dte in Oltah<\/li>\n\n\n\n<li>Handelszentrum<\/li>\n<\/ul>\n<\/div><\/div>\n\n\n\n<hr class=\"wp-block-separator has-alpha-channel-opacity\"\/>\n\n\n\n<div class=\"wp-block-media-text is-stacked-on-mobile\" style=\"grid-template-columns:35% auto\" id=\"die_goldene_stadt\"><figure class=\"wp-block-media-text__media\"><img loading=\"lazy\" decoding=\"async\" width=\"1024\" height=\"585\" src=\"http:\/\/www.stefanie-bernadowitz.de\/wp-content\/uploads\/2025\/08\/Peranta-1024x585.webp\" alt=\"\" class=\"wp-image-795 size-full\" srcset=\"https:\/\/www.stefanie-bernadowitz.de\/wp-content\/uploads\/2025\/08\/Peranta-1024x585.webp 1024w, https:\/\/www.stefanie-bernadowitz.de\/wp-content\/uploads\/2025\/08\/Peranta-300x171.webp 300w, https:\/\/www.stefanie-bernadowitz.de\/wp-content\/uploads\/2025\/08\/Peranta-768x439.webp 768w, https:\/\/www.stefanie-bernadowitz.de\/wp-content\/uploads\/2025\/08\/Peranta-1536x878.webp 1536w, https:\/\/www.stefanie-bernadowitz.de\/wp-content\/uploads\/2025\/08\/Peranta.webp 1792w\" sizes=\"auto, (max-width: 1024px) 100vw, 1024px\" \/><\/figure><div class=\"wp-block-media-text__content\">\n<h3 class=\"wp-block-heading\" id=\"peranta\">Peranta<\/h3>\n\n\n\n<ul class=\"wp-block-list\">\n<li>Hafenstadt in Peronya<\/li>\n\n\n\n<li>Zentrum des Handels mit dem Reich des Meeres und Oltah<\/li>\n\n\n\n<li>verwaltet von einigen Ratsherren<\/li>\n\n\n\n<li>st\u00e4ndig \u00fcberf\u00fcllte Stra\u00dfen<\/li>\n<\/ul>\n<\/div><\/div>\n\n\n\n<hr class=\"wp-block-separator has-alpha-channel-opacity\"\/>\n\n\n\n<div class=\"wp-block-media-text is-stacked-on-mobile\" style=\"grid-template-columns:35% auto\" id=\"die_goldene_stadt\"><figure class=\"wp-block-media-text__media\"><img loading=\"lazy\" decoding=\"async\" width=\"1024\" height=\"1024\" src=\"http:\/\/www.stefanie-bernadowitz.de\/wp-content\/uploads\/2025\/08\/Fording-1024x1024.jpg\" alt=\"\" class=\"wp-image-793 size-full\" srcset=\"https:\/\/www.stefanie-bernadowitz.de\/wp-content\/uploads\/2025\/08\/Fording-1024x1024.jpg 1024w, https:\/\/www.stefanie-bernadowitz.de\/wp-content\/uploads\/2025\/08\/Fording-300x300.jpg 300w, https:\/\/www.stefanie-bernadowitz.de\/wp-content\/uploads\/2025\/08\/Fording-150x150.jpg 150w, https:\/\/www.stefanie-bernadowitz.de\/wp-content\/uploads\/2025\/08\/Fording-768x768.jpg 768w, https:\/\/www.stefanie-bernadowitz.de\/wp-content\/uploads\/2025\/08\/Fording.jpg 1120w\" sizes=\"auto, (max-width: 1024px) 100vw, 1024px\" \/><\/figure><div class=\"wp-block-media-text__content\">\n<h3 class=\"wp-block-heading\" id=\"fording\">Fording<\/h3>\n\n\n\n<ul class=\"wp-block-list\">\n<li>kleiner Ort \u00f6stlich der Hauptstadt von Peronya<\/li>\n\n\n\n<li>die Einwohner arbeiten haupts\u00e4chlich auf den Feldern und Weiden<\/li>\n\n\n\n<li>bedeutender Ort unter Reisenden und Kaufleuten<\/li>\n<\/ul>\n<\/div><\/div>\n\n\n\n<p><\/p>\n\n\n\n<p><\/p>\n\n\n\n<p><\/p>\n\n\n\n<p><\/p>\n","protected":false},"excerpt":{"rendered":"<p>Die wichtigsten St\u00e4dte, Orte und D\u00f6rfer aus den Peronya Chroniken<\/p>\n","protected":false},"author":2,"featured_media":0,"parent":689,"menu_order":0,"comment_status":"closed","ping_status":"closed","template":"","meta":{"site-sidebar-layout":"default","site-content-layout":"","ast-site-content-layout":"","site-content-style":"default","site-sidebar-style":"default","ast-global-header-display":"","ast-banner-title-visibility":"","ast-main-header-display":"","ast-hfb-above-header-display":"","ast-hfb-below-header-display":"","ast-hfb-mobile-header-display":"","site-post-title":"","ast-breadcrumbs-content":"","ast-featured-img":"","footer-sml-layout":"","theme-transparent-header-meta":"","adv-header-id-meta":"","stick-header-meta":"","header-above-stick-meta":"","header-main-stick-meta":"","header-below-stick-meta":"","astra-migrate-meta-layouts":"default","ast-page-background-enabled":"default","ast-page-background-meta":{"desktop":{"background-color":"var(--ast-global-color-5)","background-image":"","background-repeat":"repeat","background-position":"center center","background-size":"auto","background-attachment":"scroll","background-type":"","background-media":"","overlay-type":"","overlay-color":"","overlay-opacity":"","overlay-gradient":""},"tablet":{"background-color":"","background-image":"","background-repeat":"repeat","background-position":"center center","background-size":"auto","background-attachment":"scroll","background-type":"","background-media":"","overlay-type":"","overlay-color":"","overlay-opacity":"","overlay-gradient":""},"mobile":{"background-color":"","background-image":"","background-repeat":"repeat","background-position":"center center","background-size":"auto","background-attachment":"scroll","background-type":"","background-media":"","overlay-type":"","overlay-color":"","overlay-opacity":"","overlay-gradient":""}},"ast-content-background-meta":{"desktop":{"background-color":"var(--ast-global-color-4)","background-image":"","background-repeat":"repeat","background-position":"center center","background-size":"auto","background-attachment":"scroll","background-type":"","background-media":"","overlay-type":"","overlay-color":"","overlay-opacity":"","overlay-gradient":""},"tablet":{"background-color":"var(--ast-global-color-4)","background-image":"","background-repeat":"repeat","background-position":"center center","background-size":"auto","background-attachment":"scroll","background-type":"","background-media":"","overlay-type":"","overlay-color":"","overlay-opacity":"","overlay-gradient":""},"mobile":{"background-color":"var(--ast-global-color-4)","background-image":"","background-repeat":"repeat","background-position":"center center","background-size":"auto","background-attachment":"scroll","background-type":"","background-media":"","overlay-type":"","overlay-color":"","overlay-opacity":"","overlay-gradient":""}},"footnotes":""},"class_list":["post-720","page","type-page","status-publish","hentry"],"_links":{"self":[{"href":"https:\/\/www.stefanie-bernadowitz.de\/index.php?rest_route=\/wp\/v2\/pages\/720","targetHints":{"allow":["GET"]}}],"collection":[{"href":"https:\/\/www.stefanie-bernadowitz.de\/index.php?rest_route=\/wp\/v2\/pages"}],"about":[{"href":"https:\/\/www.stefanie-bernadowitz.de\/index.php?rest_route=\/wp\/v2\/types\/page"}],"author":[{"embeddable":true,"href":"https:\/\/www.stefanie-bernadowitz.de\/index.php?rest_route=\/wp\/v2\/users\/2"}],"replies":[{"embeddable":true,"href":"https:\/\/www.stefanie-bernadowitz.de\/index.php?rest_route=%2Fwp%2Fv2%2Fcomments&post=720"}],"version-history":[{"count":16,"href":"https:\/\/www.stefanie-bernadowitz.de\/index.php?rest_route=\/wp\/v2\/pages\/720\/revisions"}],"predecessor-version":[{"id":833,"href":"https:\/\/www.stefanie-bernadowitz.de\/index.php?rest_route=\/wp\/v2\/pages\/720\/revisions\/833"}],"up":[{"embeddable":true,"href":"https:\/\/www.stefanie-bernadowitz.de\/index.php?rest_route=\/wp\/v2\/pages\/689"}],"wp:attachment":[{"href":"https:\/\/www.stefanie-bernadowitz.de\/index.php?rest_route=%2Fwp%2Fv2%2Fmedia&parent=720"}],"curies":[{"name":"wp","href":"https:\/\/api.w.org\/{rel}","templated":true}]}}